{"id":110,"date":"2024-07-01T19:15:11","date_gmt":"2024-07-01T17:15:11","guid":{"rendered":"https:\/\/www.qc.hn\/?page_id=110"},"modified":"2025-03-10T11:30:01","modified_gmt":"2025-03-10T10:30:01","slug":"impressum","status":"publish","type":"page","link":"https:\/\/flaqship.eu\/en\/impressum\/","title":{"rendered":"Imprint"},"content":{"rendered":"<div style=\"height:250px\" aria-hidden=\"true\" class=\"wp-block-spacer\"><\/div>\n\n\n\n<h2 class=\"wp-block-heading\">Imprint<\/h2>\n\n\n\n<p class=\"has-small-font-size\">Fraunhofer Institute for Industrial Engineering IAO<br>Nobelstr. 12<br>70569 Stuttgart<br><br>is a legally non-independent institution of the<br><br>Fraunhofer-Gesellschaft<br>zur F\u00f6rderung der angewandten Forschung e.V.<br>Hansastra\u00dfe 27 c<br>80686 Munich<br>Phone +49 89 1205- 0<br>Fax +49 89 1205-7531<br>E-Mail:\u00a0<a href=\"mailto:info@zv.fraunhofer.de\">info@zv.fraunhofer.de<\/a><br><a href=\"https:\/\/www.fraunhofer.de\/\">https:\/\/www.fraunhofer.de\/<\/a><\/p>\n\n\n\n<h6 class=\"wp-block-heading\">Sales tax identification number according to \u00a7 27a Sales Tax Act<\/h6>\n\n\n\n<p class=\"has-small-font-size\" style=\"padding-top:0;padding-bottom:0\">DE 129515865<\/p>\n\n\n\n<h6 class=\"wp-block-heading\">Registry Court<\/h6>\n\n\n\n<p class=\"has-small-font-size\">Amtsgericht M\u00fcnchen<br>Eingetragener Verein<br>Register-Nr. VR 4461<\/p>\n\n\n\n<h6 class=\"wp-block-heading\">Editor in charge<\/h6>\n\n\n\n<p class=\"has-small-font-size\">Yeama Bangali<br><a href=\"mailto:chiara.stephan@iao.fraunhofer.de\">yeama.bangali@iao.fraunhofer.de<\/a><br><strong><br>Note: For general questions about the Institute, please contact:<\/strong><br><br>Fraunhofer IAO<br>Kommunikation und Netzwert<br>Nobelstra\u00dfe 12<br>70569 Stuttgart<br>Phone +49 711 970-2124<br><a href=\"mailto:presse@iao.fraunhofer.de\">presse@iao.fraunhofer.de<\/a><\/p>\n\n\n\n<h6 class=\"wp-block-heading\">Board of Management<\/h6>\n\n\n\n<p class=\"has-small-font-size\">Prof. Dr.-Ing. Holger Hanselka, President, Corporate Strategy, Research and Communications<br>Prof. Dr. Axel M\u00fcller-Groeling, Research Infrastructures and Digital Transformation<br>Prof. Dr. Constantin H\u00e4fner, Forschung und Transfer<br>Ass. jur. Elisabeth Ewen, Human Resources, Corporate Culture and Legal Affairs<br>Dr. Sandra Krey, Finances and Controlling<\/p>\n\n\n\n<h6 class=\"wp-block-heading\">Rights of use<\/h6>\n\n\n\n<p class=\"has-small-font-size\">Copyright \u00a9 by Fraunhofer-Gesellschaft<\/p>\n\n\n\n<p class=\"has-small-font-size\">All rights reserved.<br>The copyright for this website is owned in full by the Fraunhofer-Gesellschaft.<\/p>\n\n\n\n<p class=\"has-small-font-size\">Downloading or printing of these publications is permitted for personal use only. Any other use, in particular commercial use and distribution, is strictly prohibited and requires written permission.<\/p>\n\n\n\n<p class=\"has-small-font-size\">Please address any inquiries to:<\/p>\n\n\n\n<p class=\"has-small-font-size\">Fraunhofer Institute for Industrial Engineering IAO<br>Nobelstr. 12<br>70569 Stuttgart<\/p>\n\n\n\n<p class=\"has-small-font-size\">Furthermore, downloading or printing is permitted solely for the purpose of reporting on the Fraunhofer-Gesellschaft and its institutes in accordance with the terms of use set out below.<\/p>\n\n\n\n<p class=\"has-small-font-size\">Grafische Ver\u00e4nderungen an Bildmotiven \u2013 au\u00dfer zum Freistellen des Hauptmotivs \u2013 sind nicht gestattet. Es ist stets die Quellenangabe und \u00dcbersendung von zwei kostenlosen Belegexemplaren an die oben genannte Adresse erforderlich. Die Verwendung ist honorarfrei.<\/p>\n\n\n\n<h6 class=\"wp-block-heading\">Liability notice<\/h6>\n\n\n\n<p class=\"has-small-font-size\">We assume no liability for the content of external links. The operators of the linked pages are solely responsible for their content.<\/p>\n\n\n\n<p class=\"has-small-font-size\">We make every effort to ensure that the material contained in our website is current, complete and correct. Nevertheless, the occurrence of errors cannot be completely ruled out. The Fraunhofer Institute and the Fraunhofer-Gesellschaft do not accept liability for the relevance, accuracy or completeness of the information and material offered in its website. This applies to any material or non-material damage suffered by third parties as a result of using this website.<\/p>\n\n\n\n<p class=\"has-small-font-size\">Protected trademarks and names, images and texts are not generally identified as such on our pages. However, the absence of such identification does not mean that the name, image or text is free in the sense of trademark law.<\/p>\n\n\n\n<div style=\"height:100px\" aria-hidden=\"true\" class=\"wp-block-spacer\"><\/div>","protected":false},"excerpt":{"rendered":"<p>Impressum Fraunhofer-Institut f\u00fcr Arbeitswirtschaft und Organisation IAONobelstr. 1270569 Stuttgart ist eine rechtlich nicht selbstst\u00e4ndige Einrichtung der Fraunhofer-Gesellschaftzur F\u00f6rderung der angewandten [&hellip;]<\/p>\n","protected":false},"author":3,"featured_media":0,"parent":0,"menu_order":0,"comment_status":"closed","ping_status":"closed","template":"","meta":{"_uag_custom_page_level_css":"","site-sidebar-layout":"default","site-content-layout":"","ast-site-content-layout":"default","site-content-style":"default","site-sidebar-style":"default","ast-global-header-display":"","ast-banner-title-visibility":"","ast-main-header-display":"","ast-hfb-above-header-display":"","ast-hfb-below-header-display":"","ast-hfb-mobile-header-display":"","site-post-title":"disabled","ast-breadcrumbs-content":"","ast-featured-img":"","footer-sml-layout":"","ast-disable-related-posts":"","theme-transparent-header-meta":"","adv-header-id-meta":"","stick-header-meta":"","header-above-stick-meta":"","header-main-stick-meta":"","header-below-stick-meta":"","astra-migrate-meta-layouts":"default","ast-page-background-enabled":"default","ast-page-background-meta":{"desktop":{"background-color":"var(--ast-global-color-4)","background-image":"","background-repeat":"repeat","background-position":"center center","background-size":"auto","background-attachment":"scroll","background-type":"","background-media":"","overlay-type":"","overlay-color":"","overlay-opacity":"","overlay-gradient":""},"tablet":{"background-color":"","background-image":"","background-repeat":"repeat","background-position":"center center","background-size":"auto","background-attachment":"scroll","background-type":"","background-media":"","overlay-type":"","overlay-color":"","overlay-opacity":"","overlay-gradient":""},"mobile":{"background-color":"","background-image":"","background-repeat":"repeat","background-position":"center center","background-size":"auto","background-attachment":"scroll","background-type":"","background-media":"","overlay-type":"","overlay-color":"","overlay-opacity":"","overlay-gradient":""}},"ast-content-background-meta":{"desktop":{"background-color":"var(--ast-global-color-5)","background-image":"","background-repeat":"repeat","background-position":"center center","background-size":"auto","background-attachment":"scroll","background-type":"","background-media":"","overlay-type":"","overlay-color":"","overlay-opacity":"","overlay-gradient":""},"tablet":{"background-color":"var(--ast-global-color-5)","background-image":"","background-repeat":"repeat","background-position":"center center","background-size":"auto","background-attachment":"scroll","background-type":"","background-media":"","overlay-type":"","overlay-color":"","overlay-opacity":"","overlay-gradient":""},"mobile":{"background-color":"var(--ast-global-color-5)","background-image":"","background-repeat":"repeat","background-position":"center center","background-size":"auto","background-attachment":"scroll","background-type":"","background-media":"","overlay-type":"","overlay-color":"","overlay-opacity":"","overlay-gradient":""}},"footnotes":""},"class_list":["post-110","page","type-page","status-publish","hentry"],"uagb_featured_image_src":{"full":false,"thumbnail":false,"medium":false,"medium_large":false,"large":false,"1536x1536":false,"2048x2048":false,"trp-custom-language-flag":false,"portfolio_item-thumbnail":false,"portfolio_item-thumbnail@2x":false,"portfolio_item-masonry":false,"portfolio_item-masonry@2x":false,"portfolio_item-thumbnail_cinema":false,"portfolio_item-thumbnail_portrait":false,"portfolio_item-thumbnail_portrait@2x":false,"portfolio_item-thumbnail_square":false},"uagb_author_info":{"display_name":"Chiara Stephan","author_link":"https:\/\/flaqship.eu\/en\/author\/chiara-stephaniao-fraunhofer-de\/"},"uagb_comment_info":0,"uagb_excerpt":"Impressum Fraunhofer-Institut f\u00fcr Arbeitswirtschaft und Organisation IAONobelstr. 1270569 Stuttgart ist eine rechtlich nicht selbstst\u00e4ndige Einrichtung der Fraunhofer-Gesellschaftzur F\u00f6rderung der angewandten [&hellip;]","featured_media_urls":[],"_links":{"self":[{"href":"https:\/\/flaqship.eu\/en\/wp-json\/wp\/v2\/pages\/110","targetHints":{"allow":["GET"]}}],"collection":[{"href":"https:\/\/flaqship.eu\/en\/wp-json\/wp\/v2\/pages"}],"about":[{"href":"https:\/\/flaqship.eu\/en\/wp-json\/wp\/v2\/types\/page"}],"author":[{"embeddable":true,"href":"https:\/\/flaqship.eu\/en\/wp-json\/wp\/v2\/users\/3"}],"replies":[{"embeddable":true,"href":"https:\/\/flaqship.eu\/en\/wp-json\/wp\/v2\/comments?post=110"}],"version-history":[{"count":13,"href":"https:\/\/flaqship.eu\/en\/wp-json\/wp\/v2\/pages\/110\/revisions"}],"predecessor-version":[{"id":956,"href":"https:\/\/flaqship.eu\/en\/wp-json\/wp\/v2\/pages\/110\/revisions\/956"}],"wp:attachment":[{"href":"https:\/\/flaqship.eu\/en\/wp-json\/wp\/v2\/media?parent=110"}],"curies":[{"name":"wp","href":"https:\/\/api.w.org\/{rel}","templated":true}]}}